{"id":12,"date":"2020-01-13T16:43:03","date_gmt":"2020-01-13T13:43:03","guid":{"rendered":"https:\/\/www.saypasetiket.com.tr\/en\/?page_id=12"},"modified":"2021-07-05T20:59:14","modified_gmt":"2021-07-05T17:59:14","slug":"about-us","status":"publish","type":"page","link":"https:\/\/www.saypasetiket.com.tr\/en\/about-us\/","title":{"rendered":"About Us"},"content":{"rendered":"<div class=\"fusion-fullwidth fullwidth-box fusion-builder-row-1 nonhundred-percent-fullwidth non-hundred-percent-height-scrolling\" style=\"background-color: rgba(255,255,255,0);background-position: center center;background-repeat: no-repeat;padding-top:0px;padding-right:0px;padding-bottom:0px;padding-left:0px;margin-bottom: 0px;margin-top: 0px;border-width: 0px 0px 0px 0px;border-color:#e8eaf0;border-style:solid;\" ><div class=\"fusion-builder-row fusion-row\"><div class=\"fusion-layout-column fusion_builder_column fusion-builder-column-0 fusion_builder_column_1_1 1_1 fusion-one-full fusion-column-first fusion-column-last fusion-animated\" style=\"margin-top:0px;margin-bottom:20px;\" data-animationType=\"fadeInDown\" data-animationDuration=\"0.3\" data-animationOffset=\"100%\"><div class=\"fusion-column-wrapper fusion-flex-column-wrapper-legacy\" style=\"background-position:left top;background-repeat:no-repeat;-webkit-background-size:cover;-moz-background-size:cover;-o-background-size:cover;background-size:cover;padding: 25px 0px 0px 0px;\"><style type=\"text\/css\">@media only screen and (max-width:800px) {.fusion-title.fusion-title-1{margin-top:20px!important;margin-bottom:!important;}}<\/style><div class=\"fusion-title title fusion-title-1 fusion-sep-none fusion-title-text fusion-title-size-two\" style=\"margin-top:20px;margin-bottom:20px;\"><h2 class=\"title-heading-left\" style=\"margin:0;\">ABOUT US<\/h2><\/div><div class=\"fusion-text fusion-text-1\" style=\"transform:translate3d(0,0,0);\"><p>As &#8220;Saypa\u015f Etiket&#8221;, we started to operate as a label-printing manufacturer in \u00c7emberlita\u015f, Istanbul in 1979. Between 1989-1997, we continued our production life in Merter. Over time, with the addition of woven labels, printing presses and sticker label sections, new machinery track investments, and the number of our employees exceeding 50, we moved to our facility in 1998 which is approximately 3,000 m2 in Yenibosna Eastern Industrial Site, which is our current location.<\/p>\n<p>Using the latest technology in the labels we have produced, we have adopted the principle of providing the best, fastest and highest quality service to our customers by adding 40 years of experience and a qualified workforce to this. We have made it our highest priority to work aware of the demands and needs of our customers, who mainly cater to overseas markets, by mastering all the requirements of export<strong>, without delay in term and error-free in service<\/strong>. We constantly update ourselves according to the conditions of the age we&#8217;re in and the speed of change of technology, to respond quickly to the changing demands of our customers and <strong>unconditional customer satisfaction<\/strong> We continue our investments to reach our goal.<\/p>\n<\/div><div class=\"fusion-clearfix\"><\/div><\/div><\/div><\/div><\/div>\n","protected":false},"excerpt":{"rendered":"","protected":false},"author":1,"featured_media":0,"parent":0,"menu_order":0,"comment_status":"closed","ping_status":"closed","template":"100-width.php","meta":[],"yoast_head":"<!-- This site is optimized with the Yoast SEO plugin v16.6.1 - https:\/\/yoast.com\/wordpress\/plugins\/seo\/ -->\n<title>About Us - Saypa\u015f Etiket<\/title>\n<meta name=\"robots\" content=\"index, follow, max-snippet:-1, max-image-preview:large, max-video-preview:-1\" \/>\n<link rel=\"canonical\" href=\"https:\/\/www.saypasetiket.com.tr\/en\/about-us\/\" \/>\n<meta property=\"og:locale\" content=\"en_US\" \/>\n<meta property=\"og:type\" content=\"article\" \/>\n<meta property=\"og:title\" content=\"About Us - Saypa\u015f Etiket\" \/>\n<meta property=\"og:url\" content=\"https:\/\/www.saypasetiket.com.tr\/en\/about-us\/\" \/>\n<meta property=\"og:site_name\" content=\"Saypa\u015f Etiket\" \/>\n<meta property=\"article:modified_time\" content=\"2021-07-05T17:59:14+00:00\" \/>\n<meta name=\"twitter:card\" content=\"summary_large_image\" \/>\n<meta name=\"twitter:label1\" content=\"Est. reading time\" \/>\n\t<meta name=\"twitter:data1\" content=\"2 minutes\" \/>\n<script type=\"application\/ld+json\" class=\"yoast-schema-graph\">{\"@context\":\"https:\/\/schema.org\",\"@graph\":[{\"@type\":\"WebSite\",\"@id\":\"https:\/\/www.saypasetiket.com.tr\/en\/#website\",\"url\":\"https:\/\/www.saypasetiket.com.tr\/en\/\",\"name\":\"Saypa\\u015f Etiket\",\"description\":\"Saypa\\u015f Etiket | Etiket Bizim \\u0130\\u015fimiz!\",\"potentialAction\":[{\"@type\":\"SearchAction\",\"target\":{\"@type\":\"EntryPoint\",\"urlTemplate\":\"https:\/\/www.saypasetiket.com.tr\/en\/?s={search_term_string}\"},\"query-input\":\"required name=search_term_string\"}],\"inLanguage\":\"en-US\"},{\"@type\":\"WebPage\",\"@id\":\"https:\/\/www.saypasetiket.com.tr\/en\/about-us\/#webpage\",\"url\":\"https:\/\/www.saypasetiket.com.tr\/en\/about-us\/\",\"name\":\"About Us - Saypa\\u015f Etiket\",\"isPartOf\":{\"@id\":\"https:\/\/www.saypasetiket.com.tr\/en\/#website\"},\"datePublished\":\"2020-01-13T13:43:03+00:00\",\"dateModified\":\"2021-07-05T17:59:14+00:00\",\"breadcrumb\":{\"@id\":\"https:\/\/www.saypasetiket.com.tr\/en\/about-us\/#breadcrumb\"},\"inLanguage\":\"en-US\",\"potentialAction\":[{\"@type\":\"ReadAction\",\"target\":[\"https:\/\/www.saypasetiket.com.tr\/en\/about-us\/\"]}]},{\"@type\":\"BreadcrumbList\",\"@id\":\"https:\/\/www.saypasetiket.com.tr\/en\/about-us\/#breadcrumb\",\"itemListElement\":[{\"@type\":\"ListItem\",\"position\":1,\"name\":\"About Us\"}]}]}<\/script>\n<!-- \/ Yoast SEO plugin. -->","_links":{"self":[{"href":"https:\/\/www.saypasetiket.com.tr\/en\/wp-json\/wp\/v2\/pages\/12"}],"collection":[{"href":"https:\/\/www.saypasetiket.com.tr\/en\/wp-json\/wp\/v2\/pages"}],"about":[{"href":"https:\/\/www.saypasetiket.com.tr\/en\/wp-json\/wp\/v2\/types\/page"}],"author":[{"embeddable":true,"href":"https:\/\/www.saypasetiket.com.tr\/en\/wp-json\/wp\/v2\/users\/1"}],"replies":[{"embeddable":true,"href":"https:\/\/www.saypasetiket.com.tr\/en\/wp-json\/wp\/v2\/comments?post=12"}],"version-history":[{"count":4,"href":"https:\/\/www.saypasetiket.com.tr\/en\/wp-json\/wp\/v2\/pages\/12\/revisions"}],"predecessor-version":[{"id":520,"href":"https:\/\/www.saypasetiket.com.tr\/en\/wp-json\/wp\/v2\/pages\/12\/revisions\/520"}],"wp:attachment":[{"href":"https:\/\/www.saypasetiket.com.tr\/en\/wp-json\/wp\/v2\/media?parent=12"}],"curies":[{"name":"wp","href":"https:\/\/api.w.org\/{rel}","templated":true}]}}