{"id":30,"date":"2020-01-13T16:47:10","date_gmt":"2020-01-13T13:47:10","guid":{"rendered":"https:\/\/www.saypasetiket.com.tr\/en\/?page_id=30"},"modified":"2023-08-18T13:13:22","modified_gmt":"2023-08-18T10:13:22","slug":"home","status":"publish","type":"page","link":"https:\/\/www.saypasetiket.com.tr\/en\/","title":{"rendered":"Home"},"content":{"rendered":"<p><div class=\"fusion-fullwidth fullwidth-box fusion-builder-row-1 fusion-flex-container nonhundred-percent-fullwidth non-hundred-percent-height-scrolling\" style=\"background-color: rgba(255,255,255,0);background-position: center center;background-repeat: no-repeat;border-width: 0px 0px 0px 0px;border-color:#e8eaf0;border-style:solid;\" ><div class=\"fusion-builder-row fusion-row fusion-flex-align-items-flex-start\" style=\"max-width:1352px;margin-left: calc(-4% \/ 2 );margin-right: calc(-4% \/ 2 );\"><div class=\"fusion-layout-column fusion_builder_column fusion-builder-column-0 fusion_builder_column_1_1 1_1 fusion-flex-column\"><div class=\"fusion-column-wrapper fusion-flex-justify-content-flex-start fusion-content-layout-column\" style=\"background-position:left top;background-repeat:no-repeat;-webkit-background-size:cover;-moz-background-size:cover;-o-background-size:cover;background-size:cover;padding: 0px 0px 0px 0px;\"> <marquee style=\"margin:0 auto\" width=\"65%\" behavior=\"scroll\" direction=\"left\" scrollamount=\"9\" loop=\"-1\">\n    <h3 style=\"float:left;font-family:Georgia, serif\"> We weave trust as well as Labels... Saypa\u015f is 40 years old... Over 40 years of Experience in Label Expertize... <\/h3>\n<\/marquee>\n  <div class=\"temizle\"> <\/div><\/div><\/div><style type=\"text\/css\">.fusion-body .fusion-builder-column-0{width:100% !important;margin-top : 0px;margin-bottom : 20px;}.fusion-builder-column-0 > .fusion-column-wrapper {padding-top : 0px !important;padding-right : 0px !important;margin-right : 1.92%;padding-bottom : 0px !important;padding-left : 0px !important;margin-left : 1.92%;}@media only screen and (max-width:1024px) {.fusion-body .fusion-builder-column-0{width:100% !important;order : 0;}.fusion-builder-column-0 > .fusion-column-wrapper {margin-right : 1.92%;margin-left : 1.92%;}}@media only screen and (max-width:640px) {.fusion-body .fusion-builder-column-0{width:100% !important;order : 0;}.fusion-builder-column-0 > .fusion-column-wrapper {margin-right : 1.92%;margin-left : 1.92%;}}<\/style><\/div><style type=\"text\/css\">.fusion-body .fusion-flex-container.fusion-builder-row-1{ padding-top : 0px;margin-top : 0px;padding-right : 0px;padding-bottom : 0px;margin-bottom : 0px;padding-left : 0px;}<\/style><\/div><div class=\"fusion-fullwidth fullwidth-box fusion-builder-row-2 nonhundred-percent-fullwidth non-hundred-percent-height-scrolling\" style=\"background-color: rgba(255,255,255,0);background-position: center center;background-repeat: no-repeat;padding-top:0px;padding-right:0px;padding-bottom:0px;padding-left:0px;margin-bottom: %50;margin-top: %50;border-width: 0px 0px 0px 0px;border-color:#e8eaf0;border-style:solid;\" ><div class=\"fusion-builder-row fusion-row\"><div class=\"fusion-layout-column fusion_builder_column fusion-builder-column-1 fusion_builder_column_1_6 1_6 fusion-one-sixth fusion-column-first\" style=\"width:16.666666666667%;width:calc(16.666666666667% - ( ( 4% + 4% ) * 0.16666666666667 ) );margin-right: 4%;margin-top:0px;margin-bottom:20px;\"><div class=\"fusion-column-wrapper fusion-flex-column-wrapper-legacy\" style=\"background-position:left top;background-repeat:no-repeat;-webkit-background-size:cover;-moz-background-size:cover;-o-background-size:cover;background-size:cover;padding: 0px 0px 0px 0px;\"><div class=\"fusion-clearfix\"><\/div><\/div><\/div><div class=\"fusion-layout-column fusion_builder_column fusion-builder-column-2 fusion_builder_column_2_3 2_3 fusion-two-third\" style=\"width:66.666666666667%;width:calc(66.666666666667% - ( ( 4% + 4% ) * 0.66666666666667 ) );margin-right: 4%;margin-top:0px;margin-bottom:20px;\"><div class=\"fusion-column-wrapper fusion-flex-column-wrapper-legacy\" style=\"background-position:left top;background-repeat:no-repeat;-webkit-background-size:cover;-moz-background-size:cover;-o-background-size:cover;background-size:cover;padding: 0px 0px 0px 0px;\"><style type=\"text\/css\"><\/style><div class=\"fusion-title title fusion-title-1 fusion-sep-none fusion-title-center fusion-title-text fusion-title-size-two\" style=\"margin-top:10px;margin-bottom:20px;\"><h2 class=\"title-heading-center\" style=\"margin:0;\">WHO ARE WE?<\/h2><\/div><div class=\"fusion-text fusion-text-1\" style=\"font-size:16px;transform:translate3d(0,0,0);\"><p style=\"text-align: center;\">As &#8220;Saypa\u015f Etiket&#8221;, we started to operate as a label-printing manufacturer in \u00c7emberlita\u015f, Istanbul in 1979. Between 1989-1997, we continued our production life in Merter. Over time, with the addition of woven labels, printing presses and sticker label sections, new machinery track investments and the number of our employees exceeding 50, we moved to our facility in 1998 which is approximately 3,000 m2 in Yenibosna Eastern Industrial Site, which is our current location.<\/p>\n<p style=\"text-align: center;\">Using the latest technology in the labels we have produced, we have adopted the principle of providing the best, fastest and highest quality service to our customers by adding 40 years of experience and qualified workforce to this. We have made it our highest priority to work aware of the demands and needs of our customers, who mainly cater to overseas markets, by mastering all the requirements of export, <b>without delay in term and error-free in service<\/b> . We constantly update ourselves according to the conditions of the age we&#8217;re in and the speed of change of technology, to respond quickly to the changing demands of our customers and <b>unconditional customer satisfaction<\/b><br \/>\nWe continue our investments to reach our goal.<\/p>\n<\/div><div class=\"fusion-clearfix\"><\/div><\/div><\/div><div class=\"fusion-layout-column fusion_builder_column fusion-builder-column-3 fusion_builder_column_1_6 1_6 fusion-one-sixth fusion-column-last\" style=\"width:16.666666666667%;width:calc(16.666666666667% - ( ( 4% + 4% ) * 0.16666666666667 ) );margin-top:0px;margin-bottom:20px;\"><div class=\"fusion-column-wrapper fusion-flex-column-wrapper-legacy\" style=\"background-position:left top;background-repeat:no-repeat;-webkit-background-size:cover;-moz-background-size:cover;-o-background-size:cover;background-size:cover;padding: 0px 0px 0px 0px;\"><div class=\"fusion-clearfix\"><\/div><\/div><\/div><\/div><\/div><\/p>\n","protected":false},"excerpt":{"rendered":"","protected":false},"author":1,"featured_media":0,"parent":0,"menu_order":0,"comment_status":"closed","ping_status":"closed","template":"","meta":[],"yoast_head":"<!-- This site is optimized with the Yoast SEO plugin v16.6.1 - https:\/\/yoast.com\/wordpress\/plugins\/seo\/ -->\n<title>Saypa\u015f Etiket | Etiket Bizim \u0130\u015fimiz!<\/title>\n<meta name=\"robots\" content=\"index, follow, max-snippet:-1, max-image-preview:large, max-video-preview:-1\" \/>\n<link rel=\"canonical\" href=\"https:\/\/www.saypasetiket.com.tr\/en\/\" \/>\n<meta property=\"og:locale\" content=\"en_US\" \/>\n<meta property=\"og:type\" content=\"article\" \/>\n<meta property=\"og:title\" content=\"Saypa\u015f Etiket | Etiket Bizim \u0130\u015fimiz!\" \/>\n<meta property=\"og:url\" content=\"https:\/\/www.saypasetiket.com.tr\/en\/\" \/>\n<meta property=\"og:site_name\" content=\"Saypa\u015f Etiket\" \/>\n<meta property=\"article:modified_time\" content=\"2023-08-18T10:13:22+00:00\" \/>\n<meta name=\"twitter:card\" content=\"summary_large_image\" \/>\n<meta name=\"twitter:label1\" content=\"Est. reading time\" \/>\n\t<meta name=\"twitter:data1\" content=\"4 minutes\" \/>\n<script type=\"application\/ld+json\" class=\"yoast-schema-graph\">{\"@context\":\"https:\/\/schema.org\",\"@graph\":[{\"@type\":\"WebSite\",\"@id\":\"https:\/\/www.saypasetiket.com.tr\/en\/#website\",\"url\":\"https:\/\/www.saypasetiket.com.tr\/en\/\",\"name\":\"Saypa\\u015f Etiket\",\"description\":\"Saypa\\u015f Etiket | Etiket Bizim \\u0130\\u015fimiz!\",\"potentialAction\":[{\"@type\":\"SearchAction\",\"target\":{\"@type\":\"EntryPoint\",\"urlTemplate\":\"https:\/\/www.saypasetiket.com.tr\/en\/?s={search_term_string}\"},\"query-input\":\"required name=search_term_string\"}],\"inLanguage\":\"en-US\"},{\"@type\":\"WebPage\",\"@id\":\"https:\/\/www.saypasetiket.com.tr\/en\/#webpage\",\"url\":\"https:\/\/www.saypasetiket.com.tr\/en\/\",\"name\":\"Saypa\\u015f Etiket | Etiket Bizim \\u0130\\u015fimiz!\",\"isPartOf\":{\"@id\":\"https:\/\/www.saypasetiket.com.tr\/en\/#website\"},\"datePublished\":\"2020-01-13T13:47:10+00:00\",\"dateModified\":\"2023-08-18T10:13:22+00:00\",\"breadcrumb\":{\"@id\":\"https:\/\/www.saypasetiket.com.tr\/en\/#breadcrumb\"},\"inLanguage\":\"en-US\",\"potentialAction\":[{\"@type\":\"ReadAction\",\"target\":[\"https:\/\/www.saypasetiket.com.tr\/en\/\"]}]},{\"@type\":\"BreadcrumbList\",\"@id\":\"https:\/\/www.saypasetiket.com.tr\/en\/#breadcrumb\",\"itemListElement\":[{\"@type\":\"ListItem\",\"position\":1,\"name\":\"Home\"}]}]}<\/script>\n<!-- \/ Yoast SEO plugin. -->","_links":{"self":[{"href":"https:\/\/www.saypasetiket.com.tr\/en\/wp-json\/wp\/v2\/pages\/30"}],"collection":[{"href":"https:\/\/www.saypasetiket.com.tr\/en\/wp-json\/wp\/v2\/pages"}],"about":[{"href":"https:\/\/www.saypasetiket.com.tr\/en\/wp-json\/wp\/v2\/types\/page"}],"author":[{"embeddable":true,"href":"https:\/\/www.saypasetiket.com.tr\/en\/wp-json\/wp\/v2\/users\/1"}],"replies":[{"embeddable":true,"href":"https:\/\/www.saypasetiket.com.tr\/en\/wp-json\/wp\/v2\/comments?post=30"}],"version-history":[{"count":10,"href":"https:\/\/www.saypasetiket.com.tr\/en\/wp-json\/wp\/v2\/pages\/30\/revisions"}],"predecessor-version":[{"id":581,"href":"https:\/\/www.saypasetiket.com.tr\/en\/wp-json\/wp\/v2\/pages\/30\/revisions\/581"}],"wp:attachment":[{"href":"https:\/\/www.saypasetiket.com.tr\/en\/wp-json\/wp\/v2\/media?parent=30"}],"curies":[{"name":"wp","href":"https:\/\/api.w.org\/{rel}","templated":true}]}}